{"id":126,"date":"2021-05-18T10:24:02","date_gmt":"2021-05-18T10:24:02","guid":{"rendered":"https:\/\/mj-design.pt\/?page_id=126"},"modified":"2026-04-25T01:08:17","modified_gmt":"2026-04-25T01:08:17","slug":"sobre-mim","status":"publish","type":"page","link":"https:\/\/mj-design.pt\/en\/sobre-mim\/","title":{"rendered":"About Me"},"content":{"rendered":"<div data-elementor-type=\"wp-page\" data-elementor-id=\"126\" class=\"elementor elementor-126\" data-elementor-post-type=\"page\">\n\t\t\t\t<div class=\"elementor-element elementor-element-e1b42aa e-flex e-con-boxed e-con e-parent\" data-id=\"e1b42aa\" data-element_type=\"container\" data-e-type=\"container\" data-settings=\"{&quot;background_background&quot;:&quot;classic&quot;}\">\n\t\t\t\t\t<div class=\"e-con-inner\">\n\t\t<div class=\"elementor-element elementor-element-2a799d0 e-con-full e-flex e-con e-child\" data-id=\"2a799d0\" data-element_type=\"container\" data-e-type=\"container\" data-settings=\"{&quot;background_background&quot;:&quot;classic&quot;}\">\n\t\t<div class=\"elementor-element elementor-element-2bdd5dc e-con-full e-flex e-con e-child\" data-id=\"2bdd5dc\" data-element_type=\"container\" data-e-type=\"container\">\n\t\t<div class=\"elementor-element elementor-element-73be90e e-con-full e-flex e-con e-child\" data-id=\"73be90e\" data-element_type=\"container\" data-e-type=\"container\">\n\t\t\t\t<\/div>\n\t\t\t\t<\/div>\n\t\t\t\t<\/div>\n\t\t\t\t\t<\/div>\n\t\t\t\t<\/div>\n\t\t\t\t<section class=\"elementor-section elementor-top-section elementor-element elementor-element-383526b3 elementor-reverse-mobile elementor-section-boxed elementor-section-height-default elementor-section-height-default\" data-id=\"383526b3\" data-element_type=\"section\" data-e-type=\"section\" data-settings=\"{&quot;background_background&quot;:&quot;classic&quot;}\">\n\t\t\t\t\t\t\t<div class=\"elementor-background-overlay\"><\/div>\n\t\t\t\t\t\t\t<div class=\"elementor-container elementor-column-gap-default\">\n\t\t\t\t\t<div class=\"elementor-column elementor-col-50 elementor-top-column elementor-element elementor-element-4937ad0\" data-id=\"4937ad0\" data-element_type=\"column\" data-e-type=\"column\">\n\t\t\t<div class=\"elementor-widget-wrap elementor-element-populated\">\n\t\t\t\t\t\t<div class=\"elementor-element elementor-element-67bf35e9 elementor-widget-divider--view-line_text elementor-widget-divider--element-align-left elementor-widget elementor-widget-divider\" data-id=\"67bf35e9\" data-element_type=\"widget\" data-e-type=\"widget\" data-widget_type=\"divider.default\">\n\t\t\t\t<div class=\"elementor-widget-container\">\n\t\t\t\t\t\t\t<div class=\"elementor-divider\">\n\t\t\t<span class=\"elementor-divider-separator\">\n\t\t\t\t\t\t\t<h3 class=\"elementor-divider__text elementor-divider__element\">\n\t\t\t\tMaria Jo\u00e3o\t\t\t\t<\/h3>\n\t\t\t\t\t\t<\/span>\n\t\t<\/div>\n\t\t\t\t\t\t<\/div>\n\t\t\t\t<\/div>\n\t\t\t\t<div class=\"elementor-element elementor-element-d8b3ba6 elementor-widget elementor-widget-text-editor\" data-id=\"d8b3ba6\" data-element_type=\"widget\" data-e-type=\"widget\" data-widget_type=\"text-editor.default\">\n\t\t\t\t<div class=\"elementor-widget-container\">\n\t\t\t\t\t\t\t\t\t<div class=\"elementor-element elementor-element-1c17089 elementor-widget elementor-widget-text-editor\" data-id=\"1c17089\" data-element_type=\"widget\" data-widget_type=\"text-editor.default\"><div class=\"elementor-widget-container\"><div class=\"elementor-text-editor elementor-clearfix\"><p class=\"cvGsUA direction-ltr align-start para-style-body\"><span class=\"a_GcMg font-feature-liga-off font-feature-clig-off font-feature-calt-off text-decoration-none text-strikethrough-none\">Sou a Maria Jo\u00e3o, <\/span><span class=\"a_GcMg font-feature-liga-off font-feature-clig-off font-feature-calt-off text-decoration-none text-strikethrough-none\">designer <\/span><span class=\"a_GcMg font-feature-liga-off font-feature-clig-off font-feature-calt-off text-decoration-none text-strikethrough-none\">h\u00e1 mais de 8 anos \u2014 mas, mais do que isso, sou algu\u00e9m que sempre acreditou que podia criar algo com significado. O design entrou na minha vida como uma paix\u00e3o, mas rapidamente se tornou numa forma de dar voz a outras pessoas. Sempre fui muito atenta aos detalhes, perfecionista, sens\u00edvel ao que os outros sentem \u2014 e foi isso que me fez perceber que n\u00e3o queria apenas \u201cfazer coisas bonitas\u201d. Queria criar marcas que realmente transmitissem algo.<\/span><\/p><p class=\"cvGsUA direction-ltr align-start para-style-body\"><span class=\"a_GcMg font-feature-liga-off font-feature-clig-off font-feature-calt-off text-decoration-none text-strikethrough-none\">Ao longo do caminho, fui aprofundando o meu trabalho e encontrei no desenvolvimento de websites uma extens\u00e3o natural daquilo que fa\u00e7o. Porque uma marca n\u00e3o vive s\u00f3 no visual \u2014 precisa de estrutura, estrat\u00e9gia e presen\u00e7a digital. Hoje, n\u00e3o crio apenas identidades, desenvolvo websites pensados ao detalhe, que n\u00e3o s\u00f3 representam a marca, mas que ajudam a converter, crescer e posicionar no digital.<\/span><\/p><\/div><\/div><\/div>\t\t\t\t\t\t\t\t<\/div>\n\t\t\t\t<\/div>\n\t\t\t\t<section class=\"elementor-section elementor-inner-section elementor-element elementor-element-23ab03f9 elementor-section-boxed elementor-section-height-default elementor-section-height-default\" data-id=\"23ab03f9\" data-element_type=\"section\" data-e-type=\"section\">\n\t\t\t\t\t\t<div class=\"elementor-container elementor-column-gap-no\">\n\t\t\t\t\t<div class=\"elementor-column elementor-col-50 elementor-inner-column elementor-element elementor-element-21f1e2e5\" data-id=\"21f1e2e5\" data-element_type=\"column\" data-e-type=\"column\">\n\t\t\t<div class=\"elementor-widget-wrap elementor-element-populated\">\n\t\t\t\t\t\t<div class=\"elementor-element elementor-element-7dee9a54 elementor-view-stacked elementor-position-inline-start elementor-shape-circle elementor-mobile-position-block-start elementor-widget elementor-widget-icon-box\" data-id=\"7dee9a54\" data-element_type=\"widget\" data-e-type=\"widget\" data-widget_type=\"icon-box.default\">\n\t\t\t\t<div class=\"elementor-widget-container\">\n\t\t\t\t\t\t\t<div class=\"elementor-icon-box-wrapper\">\n\n\t\t\t\t\t\t<div class=\"elementor-icon-box-icon\">\n\t\t\t\t<span  class=\"elementor-icon\">\n\t\t\t\t<i aria-hidden=\"true\" class=\"fab fa-pagelines\"><\/i>\t\t\t\t<\/span>\n\t\t\t<\/div>\n\t\t\t\n\t\t\t\t\t\t<div class=\"elementor-icon-box-content\">\n\n\t\t\t\t\t\t\t\t\t<h3 class=\"elementor-icon-box-title\">\n\t\t\t\t\t\t<span  >\n\t\t\t\t\t\t\tExperience\t\t\t\t\t\t<\/span>\n\t\t\t\t\t<\/h3>\n\t\t\t\t\n\t\t\t\t\t\t\t\t\t<p class=\"elementor-icon-box-description\">\n\t\t\t\t\t\t+8 anos de experi\u00eancia\t\t\t\t\t<\/p>\n\t\t\t\t\n\t\t\t<\/div>\n\t\t\t\n\t\t<\/div>\n\t\t\t\t\t\t<\/div>\n\t\t\t\t<\/div>\n\t\t\t\t\t<\/div>\n\t\t<\/div>\n\t\t\t\t<div class=\"elementor-column elementor-col-50 elementor-inner-column elementor-element elementor-element-4e46480c\" data-id=\"4e46480c\" data-element_type=\"column\" data-e-type=\"column\">\n\t\t\t<div class=\"elementor-widget-wrap elementor-element-populated\">\n\t\t\t\t\t\t<div class=\"elementor-element elementor-element-59f31834 elementor-view-stacked elementor-position-inline-start elementor-shape-circle elementor-mobile-position-block-start elementor-widget elementor-widget-icon-box\" data-id=\"59f31834\" data-element_type=\"widget\" data-e-type=\"widget\" data-widget_type=\"icon-box.default\">\n\t\t\t\t<div class=\"elementor-widget-container\">\n\t\t\t\t\t\t\t<div class=\"elementor-icon-box-wrapper\">\n\n\t\t\t\t\t\t<div class=\"elementor-icon-box-icon\">\n\t\t\t\t<span  class=\"elementor-icon\">\n\t\t\t\t<i aria-hidden=\"true\" class=\"fas fa-yin-yang\"><\/i>\t\t\t\t<\/span>\n\t\t\t<\/div>\n\t\t\t\n\t\t\t\t\t\t<div class=\"elementor-icon-box-content\">\n\n\t\t\t\t\t\t\t\t\t<h3 class=\"elementor-icon-box-title\">\n\t\t\t\t\t\t<span  >\n\t\t\t\t\t\t\tFuture\t\t\t\t\t\t<\/span>\n\t\t\t\t\t<\/h3>\n\t\t\t\t\n\t\t\t\t\t\t\t\t\t<p class=\"elementor-icon-box-description\">\n\t\t\t\t\t\tAchieving my goals\t\t\t\t\t<\/p>\n\t\t\t\t\n\t\t\t<\/div>\n\t\t\t\n\t\t<\/div>\n\t\t\t\t\t\t<\/div>\n\t\t\t\t<\/div>\n\t\t\t\t\t<\/div>\n\t\t<\/div>\n\t\t\t\t\t<\/div>\n\t\t<\/section>\n\t\t\t\t\t<\/div>\n\t\t<\/div>\n\t\t\t\t<div class=\"elementor-column elementor-col-50 elementor-top-column elementor-element elementor-element-b879845\" data-id=\"b879845\" data-element_type=\"column\" data-e-type=\"column\">\n\t\t\t<div class=\"elementor-widget-wrap elementor-element-populated\">\n\t\t\t\t\t\t<div class=\"elementor-element elementor-element-b2ed008 elementor-widget elementor-widget-image\" data-id=\"b2ed008\" data-element_type=\"widget\" data-e-type=\"widget\" data-widget_type=\"image.default\">\n\t\t\t\t<div class=\"elementor-widget-container\">\n\t\t\t\t\t\t\t\t\t\t\t\t\t\t\t<img fetchpriority=\"high\" decoding=\"async\" width=\"682\" height=\"1024\" src=\"https:\/\/mj-design.pt\/wp-content\/uploads\/2026\/04\/f60afe86-f793-475c-a387-d062e3cb62ab-682x1024.png\" class=\"attachment-large size-large wp-image-1830\" alt=\"\" srcset=\"https:\/\/mj-design.pt\/wp-content\/uploads\/2026\/04\/f60afe86-f793-475c-a387-d062e3cb62ab-682x1024.png 682w, https:\/\/mj-design.pt\/wp-content\/uploads\/2026\/04\/f60afe86-f793-475c-a387-d062e3cb62ab-200x300.png 200w, https:\/\/mj-design.pt\/wp-content\/uploads\/2026\/04\/f60afe86-f793-475c-a387-d062e3cb62ab-768x1154.png 768w, https:\/\/mj-design.pt\/wp-content\/uploads\/2026\/04\/f60afe86-f793-475c-a387-d062e3cb62ab-8x12.png 8w, https:\/\/mj-design.pt\/wp-content\/uploads\/2026\/04\/f60afe86-f793-475c-a387-d062e3cb62ab.png 1023w\" sizes=\"(max-width: 682px) 100vw, 682px\" \/>\t\t\t\t\t\t\t\t\t\t\t\t\t\t\t<\/div>\n\t\t\t\t<\/div>\n\t\t\t\t\t<\/div>\n\t\t<\/div>\n\t\t\t\t\t<\/div>\n\t\t<\/section>\n\t\t\t\t<section class=\"elementor-section elementor-top-section elementor-element elementor-element-78c2b18c elementor-section-boxed elementor-section-height-default elementor-section-height-default\" data-id=\"78c2b18c\" data-element_type=\"section\" data-e-type=\"section\" data-settings=\"{&quot;background_background&quot;:&quot;classic&quot;}\">\n\t\t\t\t\t\t\t<div class=\"elementor-background-overlay\"><\/div>\n\t\t\t\t\t\t\t<div class=\"elementor-container elementor-column-gap-default\">\n\t\t\t\t\t<div class=\"elementor-column elementor-col-50 elementor-top-column elementor-element elementor-element-62cab151\" data-id=\"62cab151\" data-element_type=\"column\" data-e-type=\"column\">\n\t\t\t<div class=\"elementor-widget-wrap elementor-element-populated\">\n\t\t\t\t\t\t<div class=\"elementor-element elementor-element-7a0feb6 elementor-widget elementor-widget-image\" data-id=\"7a0feb6\" data-element_type=\"widget\" data-e-type=\"widget\" data-widget_type=\"image.default\">\n\t\t\t\t<div class=\"elementor-widget-container\">\n\t\t\t\t\t\t\t\t\t\t\t\t\t\t\t<img decoding=\"async\" width=\"2560\" height=\"1707\" src=\"https:\/\/mj-design.pt\/wp-content\/uploads\/2026\/04\/XH2J1906-2-scaled.jpg\" class=\"attachment-full size-full wp-image-1820\" alt=\"\" srcset=\"https:\/\/mj-design.pt\/wp-content\/uploads\/2026\/04\/XH2J1906-2-scaled.jpg 2560w, https:\/\/mj-design.pt\/wp-content\/uploads\/2026\/04\/XH2J1906-2-300x200.jpg 300w, https:\/\/mj-design.pt\/wp-content\/uploads\/2026\/04\/XH2J1906-2-1024x683.jpg 1024w, https:\/\/mj-design.pt\/wp-content\/uploads\/2026\/04\/XH2J1906-2-768x512.jpg 768w, https:\/\/mj-design.pt\/wp-content\/uploads\/2026\/04\/XH2J1906-2-1536x1024.jpg 1536w, https:\/\/mj-design.pt\/wp-content\/uploads\/2026\/04\/XH2J1906-2-2048x1365.jpg 2048w, https:\/\/mj-design.pt\/wp-content\/uploads\/2026\/04\/XH2J1906-2-18x12.jpg 18w\" sizes=\"(max-width: 2560px) 100vw, 2560px\" \/>\t\t\t\t\t\t\t\t\t\t\t\t\t\t\t<\/div>\n\t\t\t\t<\/div>\n\t\t\t\t<div class=\"elementor-element elementor-element-6f6ed4e elementor-widget__width-initial elementor-absolute counter elementor-widget elementor-widget-counter\" data-id=\"6f6ed4e\" data-element_type=\"widget\" data-e-type=\"widget\" data-settings=\"{&quot;_position&quot;:&quot;absolute&quot;}\" data-widget_type=\"counter.default\">\n\t\t\t\t<div class=\"elementor-widget-container\">\n\t\t\t\t\t\t\t<div class=\"elementor-counter\">\n\t\t\t<div class=\"elementor-counter-title\">Projects<\/div>\t\t\t<div class=\"elementor-counter-number-wrapper\">\n\t\t\t\t<span class=\"elementor-counter-number-prefix\">+<\/span>\n\t\t\t\t<span class=\"elementor-counter-number\" data-duration=\"1000\" data-to-value=\"100\" data-from-value=\"0\" data-delimiter=\",\">0<\/span>\n\t\t\t\t<span class=\"elementor-counter-number-suffix\"><\/span>\n\t\t\t<\/div>\n\t\t<\/div>\n\t\t\t\t\t\t<\/div>\n\t\t\t\t<\/div>\n\t\t\t\t<div class=\"elementor-element elementor-element-128b988 elementor-widget__width-initial elementor-absolute counter elementor-widget elementor-widget-counter\" data-id=\"128b988\" data-element_type=\"widget\" data-e-type=\"widget\" data-settings=\"{&quot;_position&quot;:&quot;absolute&quot;}\" data-widget_type=\"counter.default\">\n\t\t\t\t<div class=\"elementor-widget-container\">\n\t\t\t\t\t\t\t<div class=\"elementor-counter\">\n\t\t\t<div class=\"elementor-counter-title\">Years of Success<\/div>\t\t\t<div class=\"elementor-counter-number-wrapper\">\n\t\t\t\t<span class=\"elementor-counter-number-prefix\">+0<\/span>\n\t\t\t\t<span class=\"elementor-counter-number\" data-duration=\"1000\" data-to-value=\"8\" data-from-value=\"0\" data-delimiter=\",\">0<\/span>\n\t\t\t\t<span class=\"elementor-counter-number-suffix\"><\/span>\n\t\t\t<\/div>\n\t\t<\/div>\n\t\t\t\t\t\t<\/div>\n\t\t\t\t<\/div>\n\t\t\t\t\t<\/div>\n\t\t<\/div>\n\t\t\t\t<div class=\"elementor-column elementor-col-50 elementor-top-column elementor-element elementor-element-76cdae19\" data-id=\"76cdae19\" data-element_type=\"column\" data-e-type=\"column\">\n\t\t\t<div class=\"elementor-widget-wrap elementor-element-populated\">\n\t\t\t\t\t\t<div class=\"elementor-element elementor-element-99c0900 elementor-widget elementor-widget-text-editor\" data-id=\"99c0900\" data-element_type=\"widget\" data-e-type=\"widget\" data-widget_type=\"text-editor.default\">\n\t\t\t\t<div class=\"elementor-widget-container\">\n\t\t\t\t\t\t\t\t\t<div class=\"elementor-element elementor-element-40d6a5d elementor-widget elementor-widget-text-editor\" data-id=\"40d6a5d\" data-element_type=\"widget\" data-widget_type=\"text-editor.default\"><div class=\"elementor-widget-container\"><div class=\"elementor-text-editor elementor-clearfix\"><p class=\"cvGsUA direction-ltr align-start para-style-body\"><span class=\"a_GcMg font-feature-liga-off font-feature-clig-off font-feature-calt-off text-decoration-none text-strikethrough-none\">Nem tudo foi linear. Houve d\u00favidas, inseguran\u00e7as, momentos em que questionei se estava no caminho certo. Mas tamb\u00e9m houve crescimento, coragem e uma vontade constante de evoluir.<\/span><\/p><p class=\"cvGsUA direction-ltr align-start para-style-body\"><span class=\"a_GcMg font-feature-liga-off font-feature-clig-off font-feature-calt-off text-decoration-none text-strikethrough-none\">Hoje, vejo o design e o desenvolvimento web como uma ponte: entre ideias e realidade, entre sonhos e neg\u00f3cios.<\/span><\/p><p class=\"cvGsUA direction-ltr align-start para-style-body\"><span class=\"a_GcMg font-feature-liga-off font-feature-clig-off font-feature-calt-off text-decoration-none text-strikethrough-none\">Recentemente, a vida trouxe-me um novo papel \u2014 ser m\u00e3e. E isso mudou tudo. Mudou a forma como vejo o tempo, o trabalho, os sonhos\u2026 e refor\u00e7ou ainda mais aquilo em que acredito: que podemos construir uma vida alinhada com quem somos.<\/span><\/p><p class=\"cvGsUA direction-ltr align-start para-style-body\"><span class=\"a_GcMg font-feature-liga-off font-feature-clig-off font-feature-calt-off text-decoration-none text-strikethrough-none\">\u00c9 por isso que hoje trabalho com prop\u00f3sito. Ajudo marcas a nascer, a posicionarem-se e a crescerem \u2014 atrav\u00e9s do design e de websites que fazem sentido, que comunicam e que geram resultados.<\/span><\/p><\/div><\/div><\/div><div class=\"elementor-element elementor-element-cbfd1d7 elementor-mobile-align-center elementor-widget elementor-widget-button animated fadeInUp\" data-id=\"cbfd1d7\" data-element_type=\"widget\" data-settings=\"{&quot;_animation&quot;:&quot;fadeInUp&quot;,&quot;_animation_delay&quot;:150}\" data-widget_type=\"button.default\"><div class=\"elementor-widget-container\"><div class=\"elementor-button-wrapper\">\u00a0<\/div><\/div><\/div>\t\t\t\t\t\t\t\t<\/div>\n\t\t\t\t<\/div>\n\t\t\t\t\t<\/div>\n\t\t<\/div>\n\t\t\t\t\t<\/div>\n\t\t<\/section>\n\t\t\t\t<section class=\"elementor-section elementor-top-section elementor-element elementor-element-209ae4ff elementor-section-boxed elementor-section-height-default elementor-section-height-default\" data-id=\"209ae4ff\" data-element_type=\"section\" data-e-type=\"section\" data-settings=\"{&quot;background_background&quot;:&quot;classic&quot;}\">\n\t\t\t\t\t\t<div class=\"elementor-container elementor-column-gap-default\">\n\t\t\t\t\t<div class=\"elementor-column elementor-col-100 elementor-top-column elementor-element elementor-element-17af8b57\" data-id=\"17af8b57\" data-element_type=\"column\" data-e-type=\"column\">\n\t\t\t<div class=\"elementor-widget-wrap elementor-element-populated\">\n\t\t\t\t\t\t<div class=\"elementor-element elementor-element-5d980f1f elementor-widget elementor-widget-image\" data-id=\"5d980f1f\" data-element_type=\"widget\" data-e-type=\"widget\" data-widget_type=\"image.default\">\n\t\t\t\t<div class=\"elementor-widget-container\">\n\t\t\t\t\t\t\t\t\t\t\t\t\t\t\t<img decoding=\"async\" width=\"821\" height=\"485\" src=\"https:\/\/mj-design.pt\/wp-content\/uploads\/2023\/02\/Unblur_preto.png\" class=\"attachment-full size-full wp-image-1385\" alt=\"\" srcset=\"https:\/\/mj-design.pt\/wp-content\/uploads\/2023\/02\/Unblur_preto.png 821w, https:\/\/mj-design.pt\/wp-content\/uploads\/2023\/02\/Unblur_preto-300x177.png 300w, https:\/\/mj-design.pt\/wp-content\/uploads\/2023\/02\/Unblur_preto-768x454.png 768w, https:\/\/mj-design.pt\/wp-content\/uploads\/2023\/02\/Unblur_preto-18x12.png 18w\" sizes=\"(max-width: 821px) 100vw, 821px\" \/>\t\t\t\t\t\t\t\t\t\t\t\t\t\t\t<\/div>\n\t\t\t\t<\/div>\n\t\t\t\t<div class=\"elementor-element elementor-element-4062e5ad elementor-widget-divider--view-line_text elementor-widget-divider--element-align-center elementor-widget elementor-widget-divider\" data-id=\"4062e5ad\" data-element_type=\"widget\" data-e-type=\"widget\" data-widget_type=\"divider.default\">\n\t\t\t\t<div class=\"elementor-widget-container\">\n\t\t\t\t\t\t\t<div class=\"elementor-divider\">\n\t\t\t<span class=\"elementor-divider-separator\">\n\t\t\t\t\t\t\t<h3 class=\"elementor-divider__text elementor-divider__element\">\n\t\t\t\twhere it all began\t\t\t\t<\/h3>\n\t\t\t\t\t\t<\/span>\n\t\t<\/div>\n\t\t\t\t\t\t<\/div>\n\t\t\t\t<\/div>\n\t\t\t\t<section class=\"elementor-section elementor-inner-section elementor-element elementor-element-112b8dd9 elementor-section-boxed elementor-section-height-default elementor-section-height-default\" data-id=\"112b8dd9\" data-element_type=\"section\" data-e-type=\"section\">\n\t\t\t\t\t\t<div class=\"elementor-container elementor-column-gap-default\">\n\t\t\t\t\t<div class=\"elementor-column elementor-col-100 elementor-inner-column elementor-element elementor-element-44a4e2d1\" data-id=\"44a4e2d1\" data-element_type=\"column\" data-e-type=\"column\">\n\t\t\t<div class=\"elementor-widget-wrap elementor-element-populated\">\n\t\t\t\t\t\t<div class=\"elementor-element elementor-element-7626e026 elementor-widget elementor-widget-heading\" data-id=\"7626e026\" data-element_type=\"widget\" data-e-type=\"widget\" data-widget_type=\"heading.default\">\n\t\t\t\t<div class=\"elementor-widget-container\">\n\t\t\t\t\t<h3 class=\"elementor-heading-title elementor-size-default\">In 2018...<\/h3>\t\t\t\t<\/div>\n\t\t\t\t<\/div>\n\t\t\t\t<div class=\"elementor-element elementor-element-781620b5 elementor-invisible elementor-widget elementor-widget-text-editor\" data-id=\"781620b5\" data-element_type=\"widget\" data-e-type=\"widget\" data-settings=\"{&quot;_animation&quot;:&quot;fadeInUp&quot;,&quot;_animation_delay&quot;:100}\" data-widget_type=\"text-editor.default\">\n\t\t\t\t<div class=\"elementor-widget-container\">\n\t\t\t\t\t\t\t\t\t<p>Founded in October 2018 with the aim of offering the best services to our business partners, breaking this way the formal and commercial relationships, always aiming to provide the best experience and confraternity.<\/p><p>With this experience I gained a lot of knowledge and learned a lot not only how to work with the programs but how to contact the customer. Because customer service is very important and it was something that I was always very afraid of, but over time I learned not to be so nervous.<\/p>\t\t\t\t\t\t\t\t<\/div>\n\t\t\t\t<\/div>\n\t\t\t\t\t<\/div>\n\t\t<\/div>\n\t\t\t\t\t<\/div>\n\t\t<\/section>\n\t\t\t\t\t<\/div>\n\t\t<\/div>\n\t\t\t\t\t<\/div>\n\t\t<\/section>\n\t\t\t\t<\/div>","protected":false},"excerpt":{"rendered":"<p>Maria Jo\u00e3o Sou a Maria Jo\u00e3o, designer h\u00e1 mais de 8 anos \u2014 mas, mais do que isso, sou algu\u00e9m que sempre acreditou que podia criar algo com significado. O design entrou na minha vida como uma paix\u00e3o, mas rapidamente se tornou numa forma de dar voz a outras pessoas. Sempre fui muito atenta aos [&hellip;]<\/p>\n","protected":false},"author":1,"featured_media":0,"parent":0,"menu_order":0,"comment_status":"closed","ping_status":"closed","template":"elementor_header_footer","meta":{"footnotes":""},"class_list":["post-126","page","type-page","status-publish","hentry","entry"],"_links":{"self":[{"href":"https:\/\/mj-design.pt\/en\/wp-json\/wp\/v2\/pages\/126","targetHints":{"allow":["GET"]}}],"collection":[{"href":"https:\/\/mj-design.pt\/en\/wp-json\/wp\/v2\/pages"}],"about":[{"href":"https:\/\/mj-design.pt\/en\/wp-json\/wp\/v2\/types\/page"}],"author":[{"embeddable":true,"href":"https:\/\/mj-design.pt\/en\/wp-json\/wp\/v2\/users\/1"}],"replies":[{"embeddable":true,"href":"https:\/\/mj-design.pt\/en\/wp-json\/wp\/v2\/comments?post=126"}],"version-history":[{"count":142,"href":"https:\/\/mj-design.pt\/en\/wp-json\/wp\/v2\/pages\/126\/revisions"}],"predecessor-version":[{"id":1850,"href":"https:\/\/mj-design.pt\/en\/wp-json\/wp\/v2\/pages\/126\/revisions\/1850"}],"wp:attachment":[{"href":"https:\/\/mj-design.pt\/en\/wp-json\/wp\/v2\/media?parent=126"}],"curies":[{"name":"wp","href":"https:\/\/api.w.org\/{rel}","templated":true}]}}