{"id":1584,"date":"2025-02-10T18:21:12","date_gmt":"2025-02-10T18:21:12","guid":{"rendered":"https:\/\/mj-design.pt\/?page_id=1584"},"modified":"2025-02-21T15:22:56","modified_gmt":"2025-02-21T15:22:56","slug":"wavel-communications","status":"publish","type":"page","link":"https:\/\/mj-design.pt\/en\/wavel-communications\/","title":{"rendered":"WaveL Communications"},"content":{"rendered":"\t\t<div data-elementor-type=\"wp-page\" data-elementor-id=\"1584\" class=\"elementor elementor-1584\" data-elementor-post-type=\"page\">\n\t\t\t\t<div class=\"elementor-element elementor-element-7715b57 e-flex e-con-boxed e-con e-parent\" data-id=\"7715b57\" data-element_type=\"container\" data-e-type=\"container\" data-settings=\"{&quot;background_background&quot;:&quot;classic&quot;}\">\n\t\t\t\t\t<div class=\"e-con-inner\">\n\t\t\t\t<div class=\"elementor-element elementor-element-a189b09 elementor-widget elementor-widget-heading\" data-id=\"a189b09\" data-element_type=\"widget\" data-e-type=\"widget\" data-widget_type=\"heading.default\">\n\t\t\t\t<div class=\"elementor-widget-container\">\n\t\t\t\t\t<h2 class=\"elementor-heading-title elementor-size-default\">Cliente: WaveL Communications<\/h2>\t\t\t\t<\/div>\n\t\t\t\t<\/div>\n\t\t\t\t\t<\/div>\n\t\t\t\t<\/div>\n\t\t<div class=\"elementor-element elementor-element-3d09123 e-flex e-con-boxed e-con e-parent\" data-id=\"3d09123\" data-element_type=\"container\" data-e-type=\"container\" data-settings=\"{&quot;background_background&quot;:&quot;video&quot;,&quot;background_video_link&quot;:&quot;https:\\\/\\\/mj-design.pt\\\/wp-content\\\/uploads\\\/2025\\\/02\\\/video-horizontal-1.mp4&quot;,&quot;background_play_on_mobile&quot;:&quot;yes&quot;}\">\n\t\t\t\t\t<div class=\"e-con-inner\">\n\t\t<div class=\"elementor-background-video-container\">\n\t\t\t\t\t\t\t<video class=\"elementor-background-video-hosted\" role=\"presentation\" autoplay muted playsinline loop><\/video>\n\t\t\t\t\t<\/div>\t\t\t<\/div>\n\t\t\t\t<\/div>\n\t\t<div class=\"elementor-element elementor-element-da6a432 e-flex e-con-boxed e-con e-parent\" data-id=\"da6a432\" data-element_type=\"container\" data-e-type=\"container\">\n\t\t\t\t\t<div class=\"e-con-inner\">\n\t\t<div class=\"elementor-element elementor-element-e8b3ec7 e-con-full e-flex e-con e-child\" data-id=\"e8b3ec7\" data-element_type=\"container\" data-e-type=\"container\">\n\t\t\t\t<div class=\"elementor-element elementor-element-c291312 elementor-widget elementor-widget-image\" data-id=\"c291312\" data-element_type=\"widget\" data-e-type=\"widget\" data-widget_type=\"image.default\">\n\t\t\t\t<div class=\"elementor-widget-container\">\n\t\t\t\t\t\t\t\t\t\t\t\t\t\t\t<img fetchpriority=\"high\" decoding=\"async\" width=\"1024\" height=\"683\" src=\"https:\/\/mj-design.pt\/wp-content\/uploads\/2025\/02\/logo-1024x683.png\" class=\"attachment-large size-large wp-image-1543\" alt=\"\" srcset=\"https:\/\/mj-design.pt\/wp-content\/uploads\/2025\/02\/logo-1024x683.png 1024w, https:\/\/mj-design.pt\/wp-content\/uploads\/2025\/02\/logo-300x200.png 300w, https:\/\/mj-design.pt\/wp-content\/uploads\/2025\/02\/logo-768x512.png 768w, https:\/\/mj-design.pt\/wp-content\/uploads\/2025\/02\/logo-1536x1024.png 1536w, https:\/\/mj-design.pt\/wp-content\/uploads\/2025\/02\/logo-2048x1365.png 2048w, https:\/\/mj-design.pt\/wp-content\/uploads\/2025\/02\/logo-18x12.png 18w\" sizes=\"(max-width: 1024px) 100vw, 1024px\" \/>\t\t\t\t\t\t\t\t\t\t\t\t\t\t\t<\/div>\n\t\t\t\t<\/div>\n\t\t\t\t<div class=\"elementor-element elementor-element-83cca9f elementor-widget elementor-widget-image\" data-id=\"83cca9f\" data-element_type=\"widget\" data-e-type=\"widget\" data-widget_type=\"image.default\">\n\t\t\t\t<div class=\"elementor-widget-container\">\n\t\t\t\t\t\t\t\t\t\t\t\t\t\t\t<img decoding=\"async\" width=\"1024\" height=\"683\" src=\"https:\/\/mj-design.pt\/wp-content\/uploads\/2025\/02\/digital-card-1024x683.jpg\" class=\"attachment-large size-large wp-image-1542\" alt=\"\" srcset=\"https:\/\/mj-design.pt\/wp-content\/uploads\/2025\/02\/digital-card-1024x683.jpg 1024w, https:\/\/mj-design.pt\/wp-content\/uploads\/2025\/02\/digital-card-300x200.jpg 300w, https:\/\/mj-design.pt\/wp-content\/uploads\/2025\/02\/digital-card-768x512.jpg 768w, https:\/\/mj-design.pt\/wp-content\/uploads\/2025\/02\/digital-card-1536x1024.jpg 1536w, https:\/\/mj-design.pt\/wp-content\/uploads\/2025\/02\/digital-card-2048x1365.jpg 2048w, https:\/\/mj-design.pt\/wp-content\/uploads\/2025\/02\/digital-card-18x12.jpg 18w\" sizes=\"(max-width: 1024px) 100vw, 1024px\" \/>\t\t\t\t\t\t\t\t\t\t\t\t\t\t\t<\/div>\n\t\t\t\t<\/div>\n\t\t\t\t<div class=\"elementor-element elementor-element-770c35e elementor-widget elementor-widget-image\" data-id=\"770c35e\" data-element_type=\"widget\" data-e-type=\"widget\" data-widget_type=\"image.default\">\n\t\t\t\t<div class=\"elementor-widget-container\">\n\t\t\t\t\t\t\t\t\t\t\t\t\t\t\t<img decoding=\"async\" width=\"1024\" height=\"683\" src=\"https:\/\/mj-design.pt\/wp-content\/uploads\/2025\/02\/social-media-1024x683.jpg\" class=\"attachment-large size-large wp-image-1544\" alt=\"\" srcset=\"https:\/\/mj-design.pt\/wp-content\/uploads\/2025\/02\/social-media-1024x683.jpg 1024w, https:\/\/mj-design.pt\/wp-content\/uploads\/2025\/02\/social-media-300x200.jpg 300w, https:\/\/mj-design.pt\/wp-content\/uploads\/2025\/02\/social-media-768x512.jpg 768w, https:\/\/mj-design.pt\/wp-content\/uploads\/2025\/02\/social-media-1536x1024.jpg 1536w, https:\/\/mj-design.pt\/wp-content\/uploads\/2025\/02\/social-media-2048x1365.jpg 2048w, https:\/\/mj-design.pt\/wp-content\/uploads\/2025\/02\/social-media-18x12.jpg 18w\" sizes=\"(max-width: 1024px) 100vw, 1024px\" \/>\t\t\t\t\t\t\t\t\t\t\t\t\t\t\t<\/div>\n\t\t\t\t<\/div>\n\t\t\t\t<div class=\"elementor-element elementor-element-74dff0e elementor-widget elementor-widget-image\" data-id=\"74dff0e\" data-element_type=\"widget\" data-e-type=\"widget\" data-widget_type=\"image.default\">\n\t\t\t\t<div class=\"elementor-widget-container\">\n\t\t\t\t\t\t\t\t\t\t\t\t\t\t\t<img loading=\"lazy\" decoding=\"async\" width=\"1024\" height=\"683\" src=\"https:\/\/mj-design.pt\/wp-content\/uploads\/2025\/02\/website-novo-1024x683.jpg\" class=\"attachment-large size-large wp-image-1545\" alt=\"\" srcset=\"https:\/\/mj-design.pt\/wp-content\/uploads\/2025\/02\/website-novo-1024x683.jpg 1024w, https:\/\/mj-design.pt\/wp-content\/uploads\/2025\/02\/website-novo-300x200.jpg 300w, https:\/\/mj-design.pt\/wp-content\/uploads\/2025\/02\/website-novo-768x512.jpg 768w, https:\/\/mj-design.pt\/wp-content\/uploads\/2025\/02\/website-novo-1536x1024.jpg 1536w, https:\/\/mj-design.pt\/wp-content\/uploads\/2025\/02\/website-novo-2048x1365.jpg 2048w, https:\/\/mj-design.pt\/wp-content\/uploads\/2025\/02\/website-novo-18x12.jpg 18w\" sizes=\"(max-width: 1024px) 100vw, 1024px\" \/>\t\t\t\t\t\t\t\t\t\t\t\t\t\t\t<\/div>\n\t\t\t\t<\/div>\n\t\t\t\t<div class=\"elementor-element elementor-element-2f9f40e elementor-widget elementor-widget-image\" data-id=\"2f9f40e\" data-element_type=\"widget\" data-e-type=\"widget\" data-widget_type=\"image.default\">\n\t\t\t\t<div class=\"elementor-widget-container\">\n\t\t\t\t\t\t\t\t\t\t\t\t\t\t\t<img loading=\"lazy\" decoding=\"async\" width=\"1024\" height=\"683\" src=\"https:\/\/mj-design.pt\/wp-content\/uploads\/2025\/02\/epsi-1024x683.png\" class=\"attachment-large size-large wp-image-1564\" alt=\"\" srcset=\"https:\/\/mj-design.pt\/wp-content\/uploads\/2025\/02\/epsi-1024x683.png 1024w, https:\/\/mj-design.pt\/wp-content\/uploads\/2025\/02\/epsi-300x200.png 300w, https:\/\/mj-design.pt\/wp-content\/uploads\/2025\/02\/epsi-768x512.png 768w, https:\/\/mj-design.pt\/wp-content\/uploads\/2025\/02\/epsi-1536x1024.png 1536w, https:\/\/mj-design.pt\/wp-content\/uploads\/2025\/02\/epsi-2048x1365.png 2048w, https:\/\/mj-design.pt\/wp-content\/uploads\/2025\/02\/epsi-18x12.png 18w\" sizes=\"(max-width: 1024px) 100vw, 1024px\" \/>\t\t\t\t\t\t\t\t\t\t\t\t\t\t\t<\/div>\n\t\t\t\t<\/div>\n\t\t\t\t<div class=\"elementor-element elementor-element-47112a5 elementor-widget elementor-widget-image\" data-id=\"47112a5\" data-element_type=\"widget\" data-e-type=\"widget\" data-widget_type=\"image.default\">\n\t\t\t\t<div class=\"elementor-widget-container\">\n\t\t\t\t\t\t\t\t\t\t\t\t\t\t\t<img loading=\"lazy\" decoding=\"async\" width=\"1024\" height=\"683\" src=\"https:\/\/mj-design.pt\/wp-content\/uploads\/2025\/02\/minimalist_letterhead_mockup-1024x683.png\" class=\"attachment-large size-large wp-image-1565\" alt=\"\" srcset=\"https:\/\/mj-design.pt\/wp-content\/uploads\/2025\/02\/minimalist_letterhead_mockup-1024x683.png 1024w, https:\/\/mj-design.pt\/wp-content\/uploads\/2025\/02\/minimalist_letterhead_mockup-300x200.png 300w, https:\/\/mj-design.pt\/wp-content\/uploads\/2025\/02\/minimalist_letterhead_mockup-768x512.png 768w, https:\/\/mj-design.pt\/wp-content\/uploads\/2025\/02\/minimalist_letterhead_mockup-1536x1024.png 1536w, https:\/\/mj-design.pt\/wp-content\/uploads\/2025\/02\/minimalist_letterhead_mockup-2048x1365.png 2048w, https:\/\/mj-design.pt\/wp-content\/uploads\/2025\/02\/minimalist_letterhead_mockup-18x12.png 18w\" sizes=\"(max-width: 1024px) 100vw, 1024px\" \/>\t\t\t\t\t\t\t\t\t\t\t\t\t\t\t<\/div>\n\t\t\t\t<\/div>\n\t\t\t\t<\/div>\n\t\t<div class=\"elementor-element elementor-element-d4359bc e-con-full e-flex e-con e-child\" data-id=\"d4359bc\" data-element_type=\"container\" data-e-type=\"container\" data-settings=\"{&quot;background_background&quot;:&quot;classic&quot;,&quot;sticky&quot;:&quot;top&quot;,&quot;sticky_on&quot;:[&quot;desktop&quot;,&quot;tablet&quot;],&quot;sticky_parent&quot;:&quot;yes&quot;,&quot;sticky_offset&quot;:0,&quot;sticky_effects_offset&quot;:0,&quot;sticky_anchor_link_offset&quot;:0}\">\n\t\t\t\t<div class=\"elementor-element elementor-element-8124fc4 elementor-invisible elementor-widget elementor-widget-heading\" data-id=\"8124fc4\" data-element_type=\"widget\" data-e-type=\"widget\" data-settings=\"{&quot;_animation&quot;:&quot;fadeInLeft&quot;}\" data-widget_type=\"heading.default\">\n\t\t\t\t<div class=\"elementor-widget-container\">\n\t\t\t\t\t<h2 class=\"elementor-heading-title elementor-size-default\">Sobre o Projeto<\/h2>\t\t\t\t<\/div>\n\t\t\t\t<\/div>\n\t\t\t\t<div class=\"elementor-element elementor-element-634a931 elementor-widget elementor-widget-text-editor\" data-id=\"634a931\" data-element_type=\"widget\" data-e-type=\"widget\" data-widget_type=\"text-editor.default\">\n\t\t\t\t<div class=\"elementor-widget-container\">\n\t\t\t\t\t\t\t\t\t<p data-pm-slice=\"1 1 []\">O projeto mais recente foi o rebranding completo da Wavel Communications, refletindo a evolu\u00e7\u00e3o e moderniza\u00e7\u00e3o da marca. Este projeto exigiu uma abordagem <strong>estrat\u00e9gica e criativa<\/strong> para garantir uma identidade visual forte e coerente em todas as plataformas.<\/p><h2 data-pm-slice=\"1 5 []\">Detalhes do Projeto<\/h2><ul data-spread=\"false\"><li><p><strong>Cliente:<\/strong> Wavel Communications (<a href=\"https:\/\/wavelcommunications.com\/\">wavelcommunications.com<\/a>)<\/p><\/li><li><p><strong>Elementos Desenvolvidos:<\/strong><\/p><ul data-spread=\"false\"><li><p>Logotipo<\/p><\/li><li><p>Cart\u00f5es de visita<\/p><\/li><li><p>Cart\u00f5es digitais<\/p><\/li><li><p>Invoices personalizadas<\/p><\/li><li><p>Apresenta\u00e7\u00f5es empresariais<\/p><\/li><li><p>Website<\/p><\/li><li><p>Redes sociais<\/p><\/li><\/ul><\/li><\/ul>\t\t\t\t\t\t\t\t<\/div>\n\t\t\t\t<\/div>\n\t\t\t\t<div class=\"elementor-element elementor-element-a30d181 elementor-invisible elementor-widget elementor-widget-heading\" data-id=\"a30d181\" data-element_type=\"widget\" data-e-type=\"widget\" data-settings=\"{&quot;_animation&quot;:&quot;fadeInLeft&quot;}\" data-widget_type=\"heading.default\">\n\t\t\t\t<div class=\"elementor-widget-container\">\n\t\t\t\t\t<h2 class=\"elementor-heading-title elementor-size-default\">Testemunho<\/h2>\t\t\t\t<\/div>\n\t\t\t\t<\/div>\n\t\t\t\t<div class=\"elementor-element elementor-element-5fbb93d elementor-blockquote--skin-border elementor-widget elementor-widget-blockquote\" data-id=\"5fbb93d\" data-element_type=\"widget\" data-e-type=\"widget\" data-widget_type=\"blockquote.default\">\n\t\t\t\t<div class=\"elementor-widget-container\">\n\t\t\t\t\t\t\t<blockquote class=\"elementor-blockquote\">\n\t\t\t<p class=\"elementor-blockquote__content\">\n\t\t\t\tA complete relaunch of logo, brand design, corporate identity and website: that's not an easy task. Maria can do it, with inspiring creativity, professional excellence and relentless engagement. With fun and energy, day and night shifts and light speed in execution. In other words: it's a pleasure to work with her. And it's a first in a hopefully long row of joint projects.\t\t\t<\/p>\n\t\t\t\t\t\t\t<div class=\"e-q-footer\">\n\t\t\t\t\t\t\t\t\t\t\t<cite class=\"elementor-blockquote__author\">Markus Payer<\/cite>\n\t\t\t\t\t\t\t\t\t\t\t\t\t\t<\/div>\n\t\t\t\t\t<\/blockquote>\n\t\t\t\t\t\t<\/div>\n\t\t\t\t<\/div>\n\t\t\t\t<\/div>\n\t\t\t\t\t<\/div>\n\t\t\t\t<\/div>\n\t\t<div class=\"elementor-element elementor-element-63befac e-flex e-con-boxed e-con e-parent\" data-id=\"63befac\" data-element_type=\"container\" data-e-type=\"container\">\n\t\t\t\t\t<div class=\"e-con-inner\">\n\t\t<div class=\"elementor-element elementor-element-ecc856a e-con-full e-flex e-con e-child\" data-id=\"ecc856a\" data-element_type=\"container\" data-e-type=\"container\">\n\t\t\t\t<div class=\"elementor-element elementor-element-846f451 elementor-invisible elementor-widget elementor-widget-heading\" data-id=\"846f451\" data-element_type=\"widget\" data-e-type=\"widget\" data-settings=\"{&quot;_animation&quot;:&quot;fadeInLeft&quot;}\" data-widget_type=\"heading.default\">\n\t\t\t\t<div class=\"elementor-widget-container\">\n\t\t\t\t\t<h2 class=\"elementor-heading-title elementor-size-default\">Processo Criativo e T\u00e9cnico<\/h2>\t\t\t\t<\/div>\n\t\t\t\t<\/div>\n\t\t\t\t<div class=\"elementor-element elementor-element-2f50521 elementor-widget elementor-widget-text-editor\" data-id=\"2f50521\" data-element_type=\"widget\" data-e-type=\"widget\" data-widget_type=\"text-editor.default\">\n\t\t\t\t<div class=\"elementor-widget-container\">\n\t\t\t\t\t\t\t\t\t<p data-pm-slice=\"1 1 []\">A primeira etapa do rebranding envolveu uma pesquisa aprofundada sobre a identidade da Wavel Communications e seu posicionamento no mercado. A partir dessa an\u00e1lise, elaborei um conceito visual que transmite modernidade e dinamismo.<\/p><h3 data-pm-slice=\"1 3 []\">Design Gr\u00e1fico<\/h3><ul data-spread=\"false\"><li><p><strong>Logotipo:<\/strong> Criado para refletir a ess\u00eancia da marca, com um design minimalista, paleta de cores bem definida e tipografia moderna.<\/p><\/li><li><p><strong>Cart\u00f5es de Visita e Digitais:<\/strong> Desenvolvidos para manter coer\u00eancia visual e otimizar a comunica\u00e7\u00e3o corporativa.<\/p><\/li><li><p><strong>Invoices e Apresenta\u00e7\u00f5es:<\/strong> Criadas com um layout limpo e profissional, facilitando a leitura e identidade visual homog\u00eanea.<\/p><\/li><\/ul>\t\t\t\t\t\t\t\t<\/div>\n\t\t\t\t<\/div>\n\t\t\t\t<\/div>\n\t\t<div class=\"elementor-element elementor-element-a9b89c4 e-con-full e-flex e-con e-child\" data-id=\"a9b89c4\" data-element_type=\"container\" data-e-type=\"container\">\n\t\t<div class=\"elementor-element elementor-element-d9950e4 e-flex e-con-boxed e-con e-child\" data-id=\"d9950e4\" data-element_type=\"container\" data-e-type=\"container\">\n\t\t\t\t\t<div class=\"e-con-inner\">\n\t\t\t\t<div class=\"elementor-element elementor-element-240cbc0 elementor-widget elementor-widget-text-editor\" data-id=\"240cbc0\" data-element_type=\"widget\" data-e-type=\"widget\" data-widget_type=\"text-editor.default\">\n\t\t\t\t<div class=\"elementor-widget-container\">\n\t\t\t\t\t\t\t\t\t<h3 data-pm-slice=\"1 1 []\">Web Development<\/h3><ul data-spread=\"false\"><li><p><strong>Website:<\/strong> Desenvolvido com tecnologias modernas, garantindo responsividade e otimiza\u00e7\u00e3o para SEO.<\/p><ul data-spread=\"false\"><li><p><strong>Otimiza\u00e7\u00e3o:<\/strong> Implementa\u00e7\u00e3o de boas pr\u00e1ticas para carregamento r\u00e1pido e acessibilidade<\/p><\/li><\/ul><\/li><\/ul><h3>Redes Sociais<\/h3><p>Desenvolvi artes personalizadas para as redes sociais, garantindo coer\u00eancia visual e impacto no branding digital.<\/p>\t\t\t\t\t\t\t\t<\/div>\n\t\t\t\t<\/div>\n\t\t\t\t\t<\/div>\n\t\t\t\t<\/div>\n\t\t\t\t<\/div>\n\t\t\t\t\t<\/div>\n\t\t\t\t<\/div>\n\t\t<div class=\"elementor-element elementor-element-a088399 e-flex e-con-boxed e-con e-parent\" data-id=\"a088399\" data-element_type=\"container\" data-e-type=\"container\">\n\t\t\t\t\t<div class=\"e-con-inner\">\n\t\t<div class=\"elementor-element elementor-element-48b7951 e-con-full e-flex e-con e-child\" data-id=\"48b7951\" data-element_type=\"container\" data-e-type=\"container\">\n\t\t<div class=\"elementor-element elementor-element-d4e81c7 e-con-full e-flex e-con e-child\" data-id=\"d4e81c7\" data-element_type=\"container\" data-e-type=\"container\">\n\t\t<div class=\"elementor-element elementor-element-9914880 e-con-full e-flex e-con e-child\" data-id=\"9914880\" data-element_type=\"container\" data-e-type=\"container\">\n\t\t\t\t<div class=\"elementor-element elementor-element-3a9b02e elementor-invisible elementor-widget elementor-widget-heading\" data-id=\"3a9b02e\" data-element_type=\"widget\" data-e-type=\"widget\" data-settings=\"{&quot;_animation&quot;:&quot;fadeInLeft&quot;}\" data-widget_type=\"heading.default\">\n\t\t\t\t<div class=\"elementor-widget-container\">\n\t\t\t\t\t<h2 class=\"elementor-heading-title elementor-size-default\">Vamos <br>\nConversar?<\/h2>\t\t\t\t<\/div>\n\t\t\t\t<\/div>\n\t\t\t\t<div class=\"elementor-element elementor-element-226c4f0 elementor-button-align-start elementor-tablet-button-align-center elementor-mobile-button-align-stretch elementor-widget elementor-widget-form\" data-id=\"226c4f0\" data-element_type=\"widget\" data-e-type=\"widget\" data-settings=\"{&quot;step_next_label&quot;:&quot;Next&quot;,&quot;step_previous_label&quot;:&quot;Previous&quot;,&quot;button_width&quot;:&quot;100&quot;,&quot;step_type&quot;:&quot;number_text&quot;,&quot;step_icon_shape&quot;:&quot;circle&quot;}\" data-widget_type=\"form.default\">\n\t\t\t\t<div class=\"elementor-widget-container\">\n\t\t\t\t\t\t\t<form class=\"elementor-form\" method=\"post\" name=\"New Form\" aria-label=\"New Form\">\n\t\t\t<input type=\"hidden\" name=\"post_id\" value=\"1584\"\/>\n\t\t\t<input type=\"hidden\" name=\"form_id\" value=\"226c4f0\"\/>\n\t\t\t<input type=\"hidden\" name=\"referer_title\" value=\"WaveL Communications\" \/>\n\n\t\t\t\t\t\t\t<input type=\"hidden\" name=\"queried_id\" value=\"1584\"\/>\n\t\t\t\n\t\t\t<div class=\"elementor-form-fields-wrapper elementor-labels-\">\n\t\t\t\t\t\t\t\t<div class=\"elementor-field-type-text elementor-field-group elementor-column elementor-field-group-name elementor-col-50 elementor-field-required\">\n\t\t\t\t\t\t\t\t\t\t\t\t<label for=\"form-field-name\" class=\"elementor-field-label elementor-screen-only\">\n\t\t\t\t\t\t\t\tNome\t\t\t\t\t\t\t<\/label>\n\t\t\t\t\t\t\t\t\t\t\t\t\t\t<input size=\"1\" type=\"text\" name=\"form_fields[name]\" id=\"form-field-name\" class=\"elementor-field elementor-size-sm  elementor-field-textual\" placeholder=\"Nome\" required=\"required\">\n\t\t\t\t\t\t\t\t\t\t\t<\/div>\n\t\t\t\t\t\t\t\t<div class=\"elementor-field-type-email elementor-field-group elementor-column elementor-field-group-email elementor-col-50 elementor-field-required\">\n\t\t\t\t\t\t\t\t\t\t\t\t<label for=\"form-field-email\" class=\"elementor-field-label elementor-screen-only\">\n\t\t\t\t\t\t\t\tEmail\t\t\t\t\t\t\t<\/label>\n\t\t\t\t\t\t\t\t\t\t\t\t\t\t<input size=\"1\" type=\"email\" name=\"form_fields[email]\" id=\"form-field-email\" class=\"elementor-field elementor-size-sm  elementor-field-textual\" placeholder=\"Email\" required=\"required\">\n\t\t\t\t\t\t\t\t\t\t\t<\/div>\n\t\t\t\t\t\t\t\t<div class=\"elementor-field-type-tel elementor-field-group elementor-column elementor-field-group-field_ce1c35e elementor-col-100 elementor-field-required\">\n\t\t\t\t\t\t\t\t\t\t\t\t<label for=\"form-field-field_ce1c35e\" class=\"elementor-field-label elementor-screen-only\">\n\t\t\t\t\t\t\t\tTelem\u00f3vel\t\t\t\t\t\t\t<\/label>\n\t\t\t\t\t\t\t\t<input size=\"1\" type=\"tel\" name=\"form_fields[field_ce1c35e]\" id=\"form-field-field_ce1c35e\" class=\"elementor-field elementor-size-sm  elementor-field-textual\" placeholder=\"Telem\u00f3vel\" required=\"required\" pattern=\"[0-9()#&amp;+*-=.]+\" title=\"Only numbers and phone characters (#, -, *, etc) are accepted.\">\n\n\t\t\t\t\t\t<\/div>\n\t\t\t\t\t\t\t\t<div class=\"elementor-field-type-textarea elementor-field-group elementor-column elementor-field-group-message elementor-col-100 elementor-field-required\">\n\t\t\t\t\t\t\t\t\t\t\t\t<label for=\"form-field-message\" class=\"elementor-field-label elementor-screen-only\">\n\t\t\t\t\t\t\t\tMensagem\t\t\t\t\t\t\t<\/label>\n\t\t\t\t\t\t<textarea class=\"elementor-field-textual elementor-field  elementor-size-sm\" name=\"form_fields[message]\" id=\"form-field-message\" rows=\"4\" placeholder=\"Mensagem\" required=\"required\"><\/textarea>\t\t\t\t<\/div>\n\t\t\t\t\t\t\t\t<div class=\"elementor-field-group elementor-column elementor-field-type-submit elementor-col-100 e-form__buttons\">\n\t\t\t\t\t<button class=\"elementor-button elementor-size-sm\" type=\"submit\">\n\t\t\t\t\t\t<span class=\"elementor-button-content-wrapper\">\n\t\t\t\t\t\t\t\t\t\t\t\t\t\t\t\t\t\t\t\t\t\t<span class=\"elementor-button-text\">Enviar<\/span>\n\t\t\t\t\t\t\t\t\t\t\t\t\t<\/span>\n\t\t\t\t\t<\/button>\n\t\t\t\t<\/div>\n\t\t\t<\/div>\n\t\t<\/form>\n\t\t\t\t\t\t<\/div>\n\t\t\t\t<\/div>\n\t\t\t\t<\/div>\n\t\t<div class=\"elementor-element elementor-element-d43f8b9 e-con-full e-flex e-con e-child\" data-id=\"d43f8b9\" data-element_type=\"container\" data-e-type=\"container\">\n\t\t\t\t<div class=\"elementor-element elementor-element-48e1b17 elementor-widget elementor-widget-heading\" data-id=\"48e1b17\" data-element_type=\"widget\" data-e-type=\"widget\" data-widget_type=\"heading.default\">\n\t\t\t\t<div class=\"elementor-widget-container\">\n\t\t\t\t\t<h2 class=\"elementor-heading-title elementor-size-default\">Contactos<\/h2>\t\t\t\t<\/div>\n\t\t\t\t<\/div>\n\t\t\t\t<div class=\"elementor-element elementor-element-8726a03 elementor-tablet-align-center elementor-mobile-align-start elementor-icon-list--layout-traditional elementor-list-item-link-full_width elementor-widget elementor-widget-icon-list\" data-id=\"8726a03\" data-element_type=\"widget\" data-e-type=\"widget\" data-widget_type=\"icon-list.default\">\n\t\t\t\t<div class=\"elementor-widget-container\">\n\t\t\t\t\t\t\t<ul class=\"elementor-icon-list-items\">\n\t\t\t\t\t\t\t<li class=\"elementor-icon-list-item\">\n\t\t\t\t\t\t\t\t\t\t\t<a href=\"tel:933464584\">\n\n\t\t\t\t\t\t\t\t\t\t\t\t<span class=\"elementor-icon-list-icon\">\n\t\t\t\t\t\t\t<i aria-hidden=\"true\" class=\"fas fa-phone-alt\"><\/i>\t\t\t\t\t\t<\/span>\n\t\t\t\t\t\t\t\t\t\t<span class=\"elementor-icon-list-text\"><b>+351 933464584 <\/b> <br> (Chamada para rede m\u00f3vel nacional)<\/span>\n\t\t\t\t\t\t\t\t\t\t\t<\/a>\n\t\t\t\t\t\t\t\t\t<\/li>\n\t\t\t\t\t\t\t\t<li class=\"elementor-icon-list-item\">\n\t\t\t\t\t\t\t\t\t\t\t<a href=\"mailto:mariajoaodesigner17@gmail.com?subject=Contacto%20I%20Website\">\n\n\t\t\t\t\t\t\t\t\t\t\t\t<span class=\"elementor-icon-list-icon\">\n\t\t\t\t\t\t\t<i aria-hidden=\"true\" class=\"fas fa-at\"><\/i>\t\t\t\t\t\t<\/span>\n\t\t\t\t\t\t\t\t\t\t<span class=\"elementor-icon-list-text\">mariajoaodesigner17@gmail.com<\/span>\n\t\t\t\t\t\t\t\t\t\t\t<\/a>\n\t\t\t\t\t\t\t\t\t<\/li>\n\t\t\t\t\t\t<\/ul>\n\t\t\t\t\t\t<\/div>\n\t\t\t\t<\/div>\n\t\t\t\t<div class=\"elementor-element elementor-element-bed29ae elementor-widget elementor-widget-heading\" data-id=\"bed29ae\" data-element_type=\"widget\" data-e-type=\"widget\" data-widget_type=\"heading.default\">\n\t\t\t\t<div class=\"elementor-widget-container\">\n\t\t\t\t\t<h2 class=\"elementor-heading-title elementor-size-default\">Segue-me nas redes sociais<\/h2>\t\t\t\t<\/div>\n\t\t\t\t<\/div>\n\t\t\t\t<div class=\"elementor-element elementor-element-fa37cd8 elementor-shape-circle e-grid-align-left e-grid-align-tablet-center elementor-grid-0 elementor-widget elementor-widget-social-icons\" data-id=\"fa37cd8\" data-element_type=\"widget\" data-e-type=\"widget\" data-widget_type=\"social-icons.default\">\n\t\t\t\t<div class=\"elementor-widget-container\">\n\t\t\t\t\t\t\t<div class=\"elementor-social-icons-wrapper elementor-grid\" role=\"list\">\n\t\t\t\t\t\t\t<span class=\"elementor-grid-item\" role=\"listitem\">\n\t\t\t\t\t<a class=\"elementor-icon elementor-social-icon elementor-social-icon-facebook elementor-repeater-item-8de2d7e\" href=\"https:\/\/www.facebook.com\/mariajoaodesigner\/\" target=\"_blank\">\n\t\t\t\t\t\t<span class=\"elementor-screen-only\">Facebook<\/span>\n\t\t\t\t\t\t<i aria-hidden=\"true\" class=\"fab fa-facebook\"><\/i>\t\t\t\t\t<\/a>\n\t\t\t\t<\/span>\n\t\t\t\t\t\t\t<span class=\"elementor-grid-item\" role=\"listitem\">\n\t\t\t\t\t<a class=\"elementor-icon elementor-social-icon elementor-social-icon-instagram elementor-repeater-item-6fefee5\" href=\"https:\/\/www.instagram.com\/mariajoao_designer\/\" target=\"_blank\">\n\t\t\t\t\t\t<span class=\"elementor-screen-only\">Instagram<\/span>\n\t\t\t\t\t\t<i aria-hidden=\"true\" class=\"fab fa-instagram\"><\/i>\t\t\t\t\t<\/a>\n\t\t\t\t<\/span>\n\t\t\t\t\t\t\t<span class=\"elementor-grid-item\" role=\"listitem\">\n\t\t\t\t\t<a class=\"elementor-icon elementor-social-icon elementor-social-icon-linkedin elementor-repeater-item-9163bdd\" href=\"https:\/\/www.linkedin.com\/in\/mariajoaodesigner\/\" target=\"_blank\">\n\t\t\t\t\t\t<span class=\"elementor-screen-only\">Linkedin<\/span>\n\t\t\t\t\t\t<i aria-hidden=\"true\" class=\"fab fa-linkedin\"><\/i>\t\t\t\t\t<\/a>\n\t\t\t\t<\/span>\n\t\t\t\t\t<\/div>\n\t\t\t\t\t\t<\/div>\n\t\t\t\t<\/div>\n\t\t\t\t<\/div>\n\t\t\t\t<\/div>\n\t\t\t\t<\/div>\n\t\t\t\t\t<\/div>\n\t\t\t\t<\/div>\n\t\t\t\t<\/div>\n\t\t","protected":false},"excerpt":{"rendered":"<p>Cliente: WaveL Communications Sobre o Projeto O projeto mais recente foi o rebranding completo da Wavel Communications, refletindo a evolu\u00e7\u00e3o e moderniza\u00e7\u00e3o da marca. Este projeto exigiu uma abordagem estrat\u00e9gica e criativa para garantir uma identidade visual forte e coerente em todas as plataformas. Detalhes do Projeto Cliente: Wavel Communications (wavelcommunications.com) Elementos Desenvolvidos: Logotipo Cart\u00f5es [&hellip;]<\/p>\n","protected":false},"author":1,"featured_media":0,"parent":0,"menu_order":0,"comment_status":"closed","ping_status":"closed","template":"elementor_header_footer","meta":{"footnotes":""},"class_list":["post-1584","page","type-page","status-publish","hentry","entry"],"_links":{"self":[{"href":"https:\/\/mj-design.pt\/en\/wp-json\/wp\/v2\/pages\/1584","targetHints":{"allow":["GET"]}}],"collection":[{"href":"https:\/\/mj-design.pt\/en\/wp-json\/wp\/v2\/pages"}],"about":[{"href":"https:\/\/mj-design.pt\/en\/wp-json\/wp\/v2\/types\/page"}],"author":[{"embeddable":true,"href":"https:\/\/mj-design.pt\/en\/wp-json\/wp\/v2\/users\/1"}],"replies":[{"embeddable":true,"href":"https:\/\/mj-design.pt\/en\/wp-json\/wp\/v2\/comments?post=1584"}],"version-history":[{"count":16,"href":"https:\/\/mj-design.pt\/en\/wp-json\/wp\/v2\/pages\/1584\/revisions"}],"predecessor-version":[{"id":1650,"href":"https:\/\/mj-design.pt\/en\/wp-json\/wp\/v2\/pages\/1584\/revisions\/1650"}],"wp:attachment":[{"href":"https:\/\/mj-design.pt\/en\/wp-json\/wp\/v2\/media?parent=1584"}],"curies":[{"name":"wp","href":"https:\/\/api.w.org\/{rel}","templated":true}]}}